{"id":69,"date":"2022-02-01T16:36:46","date_gmt":"2022-02-01T16:36:46","guid":{"rendered":"https:\/\/algieritraducciones.com\/?page_id=69"},"modified":"2026-01-27T16:10:38","modified_gmt":"2026-01-27T16:10:38","slug":"prioridades","status":"publish","type":"page","link":"https:\/\/algieritraducciones.com\/en\/prioridades\/","title":{"rendered":"Priorities"},"content":{"rendered":"<h2 class=\"alignwide has-text-align-center has-foreground-color has-text-color has-x-large-font-size has-custom-font has-custom-weight has-custom-transform has-custom-lineheight has-custom-letterspacing wp-block-heading\" id=\"tu-satisfaccion-es-nuestra-prioridad\" style=\"font-style:normal;font-weight:normal;font-family:Times New Roman;line-height:1;letter-spacing:1px;text-transform:initial;font-size:60px\">Your satisfaction is our priority<\/h2>\n\n\n\n<div class=\"wp-block-group alignfull is-layout-flow wp-block-group-is-layout-flow\">\n<div class=\"wp-block-columns alignwide is-layout-flex wp-container-core-columns-is-layout-28f84493 wp-block-columns-is-layout-flex\">\n<div class=\"wp-block-column has-text-color has-background has-link-color wp-elements-dd11659e20a24e8c2e1de815ed359a35 is-layout-flow wp-block-column-is-layout-flow\" style=\"color:#000000;background-color:#6abce2;padding-top:2em;padding-right:2em;padding-bottom:2em;padding-left:2em\">\n<h2 class=\"wp-block-heading\" id=\"single\" style=\"font-size:40px\"><strong>Mission<\/strong><\/h2>\n\n\n\n<hr class=\"wp-block-separator has-text-color has-css-opacity has-background is-style-wide\" style=\"background-color:#000000;color:#000000\"\/>\n\n\n\n<p>Provide a personalized and focused service, ajusted to the requirements of each client, based on confidentiality and veracity in the management of information.&nbsp;<\/p>\n<\/div>\n\n\n\n<div class=\"wp-block-column has-text-color has-background has-link-color wp-elements-ea11eb180d9e88d620f013176d2396a6 is-layout-flow wp-block-column-is-layout-flow\" style=\"color:#000000;background-color:#c6e5f3;padding-top:2em;padding-right:2em;padding-bottom:2em;padding-left:2em\">\n<h2 class=\"wp-block-heading\" id=\"vision\" style=\"font-size:40px\"><strong>Vision<\/strong><\/h2>\n\n\n\n<hr class=\"wp-block-separator has-css-opacity is-style-wide\"\/>\n\n\n\n<p>To consolidate ourselves as strategic partners of our clients to be their first choice in translation services, based on our experience and quality of service.&nbsp;<\/p>\n<\/div>\n\n\n\n<div class=\"wp-block-column has-text-color has-background has-link-color wp-elements-2ae1a42ea19badba1018e69839dccf25 is-layout-flow wp-block-column-is-layout-flow\" style=\"color:#000000;background-color:#c0ebf1;padding-top:2em;padding-right:2em;padding-bottom:2em;padding-left:2em\">\n<h2 class=\"wp-block-heading\" id=\"valores\" style=\"font-size:40px\"><strong>Values<\/strong>:<\/h2>\n\n\n\n<hr class=\"wp-block-separator has-css-opacity is-style-wide\"\/>\n\n\n\n<ul class=\"wp-block-list is-style-default has-normal-font-size\">\n<li>Commitment. <\/li>\n\n\n\n<li>Responsability. <\/li>\n\n\n\n<li>Professionalism. <\/li>\n\n\n\n<li>Confidence.<\/li>\n\n\n\n<li>Confidentiality.<\/li>\n<\/ul>\n<\/div>\n<\/div>\n<\/div>\n\n\n\n<div class=\"wp-block-columns alignfull is-layout-flex wp-container-core-columns-is-layout-28f84493 wp-block-columns-is-layout-flex\">\n<div class=\"wp-block-column is-layout-flow wp-block-column-is-layout-flow\">\n<div data-wp-interactive=\"core\/file\" class=\"wp-block-file\"><object data-wp-bind--hidden=\"!state.hasPdfPreview\" hidden class=\"wp-block-file__embed\" data=\"https:\/\/algieritraducciones.com\/wp-content\/uploads\/2025\/04\/Anexo-1_MC-001-Politica-de-la-Calidad_Rev.-2.pdf\" type=\"application\/pdf\" style=\"width:100%;height:450px\" aria-label=\"Embed of Anexo 1_MC-001 Pol\u00edtica de la Calidad_Rev. 2.\"><\/object><a id=\"wp-block-file--media-ef281a03-70f8-4745-9586-dff355e05506\" href=\"https:\/\/algieritraducciones.com\/wp-content\/uploads\/2025\/04\/Anexo-1_MC-001-Politica-de-la-Calidad_Rev.-2.pdf\">Anexo 1_MC-001 Pol\u00edtica de la Calidad_Rev. 2<\/a><a href=\"https:\/\/algieritraducciones.com\/wp-content\/uploads\/2025\/04\/Anexo-1_MC-001-Politica-de-la-Calidad_Rev.-2.pdf\" class=\"wp-block-file__button wp-element-button\" download aria-describedby=\"wp-block-file--media-ef281a03-70f8-4745-9586-dff355e05506\">Descarga<\/a><\/div>\n<\/div>\n\n\n\n<div class=\"wp-block-column is-layout-flow wp-block-column-is-layout-flow\">\n<div data-wp-interactive=\"core\/file\" class=\"wp-block-file\"><object data-wp-bind--hidden=\"!state.hasPdfPreview\" hidden class=\"wp-block-file__embed\" data=\"https:\/\/algieritraducciones.com\/wp-content\/uploads\/2025\/04\/Anexo-1_MC-001-Politica-de-la-Calidad_Rev.-2_INGLES.pdf\" type=\"application\/pdf\" style=\"width:100%;height:420px\" aria-label=\"Embed of Anexo 1_MC-001 Pol\u00edtica de la Calidad_Rev. 2_INGL\u00c9S.\"><\/object><a id=\"wp-block-file--media-6d3cbab6-cc64-4e86-9817-ee6fd7d31987\" href=\"https:\/\/algieritraducciones.com\/wp-content\/uploads\/2025\/04\/Anexo-1_MC-001-Politica-de-la-Calidad_Rev.-2_INGLES.pdf\">Anexo 1_MC-001 Pol\u00edtica de la Calidad_Rev. 2_INGL\u00c9S<\/a><a href=\"https:\/\/algieritraducciones.com\/wp-content\/uploads\/2025\/04\/Anexo-1_MC-001-Politica-de-la-Calidad_Rev.-2_INGLES.pdf\" class=\"wp-block-file__button wp-element-button\" download aria-describedby=\"wp-block-file--media-6d3cbab6-cc64-4e86-9817-ee6fd7d31987\">Descarga<\/a><\/div>\n<\/div>\n<\/div>\n\n\n\n<p><\/p>","protected":false},"excerpt":{"rendered":"<p>Tu satisfacci\u00f3n es nuestra prioridad Misi\u00f3n: Brindar un servicio personalizado, focalizado y ajustado a los requerimientos de cada&nbsp;cliente, sobre la base de la confidencialidad y veracidad en la administraci\u00f3n de la informaci\u00f3n.&nbsp; Visi\u00f3n: Afianzarnos como socios estrat\u00e9gicos de nuestros clientes para ser su primera opci\u00f3n en servicios de traducci\u00f3n, fundado en nuestra experiencia y calidad [&hellip;]<\/p>\n","protected":false},"author":1,"featured_media":0,"parent":0,"menu_order":0,"comment_status":"closed","ping_status":"closed","template":"wp-custom-template-prioridades","meta":{"_coblocks_attr":"Times New Roman,Times New Roman","_coblocks_dimensions":"","_coblocks_responsive_height":"","_coblocks_accordion_ie_support":"","footnotes":""},"class_list":["post-69","page","type-page","status-publish","hentry"],"_links":{"self":[{"href":"https:\/\/algieritraducciones.com\/en\/wp-json\/wp\/v2\/pages\/69","targetHints":{"allow":["GET"]}}],"collection":[{"href":"https:\/\/algieritraducciones.com\/en\/wp-json\/wp\/v2\/pages"}],"about":[{"href":"https:\/\/algieritraducciones.com\/en\/wp-json\/wp\/v2\/types\/page"}],"author":[{"embeddable":true,"href":"https:\/\/algieritraducciones.com\/en\/wp-json\/wp\/v2\/users\/1"}],"replies":[{"embeddable":true,"href":"https:\/\/algieritraducciones.com\/en\/wp-json\/wp\/v2\/comments?post=69"}],"version-history":[{"count":30,"href":"https:\/\/algieritraducciones.com\/en\/wp-json\/wp\/v2\/pages\/69\/revisions"}],"predecessor-version":[{"id":1110,"href":"https:\/\/algieritraducciones.com\/en\/wp-json\/wp\/v2\/pages\/69\/revisions\/1110"}],"wp:attachment":[{"href":"https:\/\/algieritraducciones.com\/en\/wp-json\/wp\/v2\/media?parent=69"}],"curies":[{"name":"wp","href":"https:\/\/api.w.org\/{rel}","templated":true}]}}